{"id":65,"date":"2022-01-05T19:13:27","date_gmt":"2022-01-05T19:13:27","guid":{"rendered":"https:\/\/carteamagului.ro\/tarot\/?page_id=65"},"modified":"2024-07-06T17:55:53","modified_gmt":"2024-07-06T17:55:53","slug":"consiliere-altfel","status":"publish","type":"page","link":"https:\/\/carteamagului.ro\/tarot\/consiliere-altfel\/","title":{"rendered":"Consiliere ALTFEL"},"content":{"rendered":"\n<p><strong>JOCUL CARE-\u021aI SCHIMB\u0102 VIA\u021aA<\/strong><br>To\u021bi primim aceeasi M\u00c2N\u0102 de C\u0102R\u021aI la na\u0219tere, doar c\u0103 sunt diferit aranjate. \u00cen Tarot, \u00eentre 0 \u0219i 21 exist\u0103 un singur mister care te c\u0103l\u0103uze\u0219te. Caut\u0103-l \u0219i-\u021bi vei descoperi adev\u0103rul! Joci dup\u0103 REGULI sau la cacealma? IA acum Cartea Magului la frunz\u0103rit \u0219i descoper\u0103-\u021bi ASUL din M\u00c2NEC\u0102!<\/p>\n\n\n\n<p>Cine e\u0219ti, ce arhetip manife\u0219ti, de unde vii, \u00eencotro mergi, cum s\u0103-\u021bi proiectezi realitatea pe care o dore\u0219ti, cum s\u0103-\u021bi \u00eenfrumuse\u021bezi via\u021ba, cum s\u0103 rezolvi probleme sau crize existentiale, cum s\u0103 dep\u0103\u0219e\u0219ti blocaje sau nereu\u0219ite repetate. Tarotul de Marseille este o metoda de auto-cunoa\u0219tere \u0219i dezvoltare personal\u0103, de o profunzime excep\u021bional\u0103 \u0219i a fost folosit \u00een psihoterapie, \u00een premier\u0103, de C.G. Jung, ca \u0219i cale de accesare a subcon\u0219tientului.<\/p>\n\n\n\n<p>Tarotul vorbe\u0219te limba sufletului \u0219i te conduce prin meandrele fiin\u021bei tale \u00eentr-un mod intuitiv \u0219i cu mult\u0103 \u00een\u021belepciune. Dup\u0103 ce am cercetat mitologia \u0219i astrologia, pot m\u0103rturisi cu sinceritate c\u0103 nimic nu mi-a adus at\u00e2tea revela\u021bii \u0219i \u00een\u021belegeri asupra naturii umane ca acest \u201cjoc\u201c miraculos \u0219i fascinant.<\/p>\n\n\n\n<p>Tarotul de Marseille, spre deosebire de divina\u021bia comun\u0103 \u00een Tarot, te poart\u0103 pe CALEA ini\u021biatic\u0103 str\u0103veche, a eroilor legendari \u0219i, atunci c\u00e2nd lucreaz\u0103 cu tine, te diferentiaz\u0103 de marea mas\u0103 a oamenilor obi\u0219nui\u021bi, vrei nu vrei! \u00cens\u0103 e un risc pe care chiar merit\u0103 s\u0103 \u021bi-l asumi. Devii EROUL propriei tale pove\u0219ti! Ai curajul s\u0103-l joci? Intr\u0103 \u00een H-ORA misterelor p\u00e2n\u0103 vei ie\u0219i de acolo re-generat! <\/p>\n\n\n\n<p>Cartea Magului este disponibil\u0103 la<br><a href=\"https:\/\/carticusens.ro\/produs\/cartea-magului-georgi-ana\/\">https:\/\/carticusens.ro\/produs\/cartea-magului-georgi-ana\/<\/a><\/p>\n","protected":false},"excerpt":{"rendered":"<p>JOCUL CARE-\u021aI SCHIMB\u0102 VIA\u021aATo\u021bi primim aceeasi M\u00c2N\u0102 de C\u0102R\u021aI la na\u0219tere, doar c\u0103 sunt diferit aranjate. \u00cen Tarot, \u00eentre 0 \u0219i 21 exist\u0103 un singur mister care te c\u0103l\u0103uze\u0219te. Caut\u0103-l \u0219i-\u021bi vei descoperi adev\u0103rul! Joci dup\u0103 REGULI sau la cacealma? IA acum Cartea Magului la frunz\u0103rit \u0219i descoper\u0103-\u021bi ASUL din M\u00c2NEC\u0102! Cine e\u0219ti, ce arhetip &hellip; <\/p>\n<p class=\"link-more\"><a href=\"https:\/\/carteamagului.ro\/tarot\/consiliere-altfel\/\" class=\"more-link\">Continu\u0103 lectura<span class=\"screen-reader-text\"> \u201eConsiliere ALTFEL\u201d<\/span><\/a><\/p>\n","protected":false},"author":1,"featured_media":87,"parent":0,"menu_order":0,"comment_status":"closed","ping_status":"closed","template":"","meta":{"footnotes":""},"class_list":["post-65","page","type-page","status-publish","has-post-thumbnail","hentry"],"_links":{"self":[{"href":"https:\/\/carteamagului.ro\/tarot\/wp-json\/wp\/v2\/pages\/65","targetHints":{"allow":["GET"]}}],"collection":[{"href":"https:\/\/carteamagului.ro\/tarot\/wp-json\/wp\/v2\/pages"}],"about":[{"href":"https:\/\/carteamagului.ro\/tarot\/wp-json\/wp\/v2\/types\/page"}],"author":[{"embeddable":true,"href":"https:\/\/carteamagului.ro\/tarot\/wp-json\/wp\/v2\/users\/1"}],"replies":[{"embeddable":true,"href":"https:\/\/carteamagului.ro\/tarot\/wp-json\/wp\/v2\/comments?post=65"}],"version-history":[{"count":10,"href":"https:\/\/carteamagului.ro\/tarot\/wp-json\/wp\/v2\/pages\/65\/revisions"}],"predecessor-version":[{"id":2178,"href":"https:\/\/carteamagului.ro\/tarot\/wp-json\/wp\/v2\/pages\/65\/revisions\/2178"}],"wp:featuredmedia":[{"embeddable":true,"href":"https:\/\/carteamagului.ro\/tarot\/wp-json\/wp\/v2\/media\/87"}],"wp:attachment":[{"href":"https:\/\/carteamagului.ro\/tarot\/wp-json\/wp\/v2\/media?parent=65"}],"curies":[{"name":"wp","href":"https:\/\/api.w.org\/{rel}","templated":true}]}}