{"id":3671,"date":"2026-03-06T12:58:55","date_gmt":"2026-03-06T12:58:55","guid":{"rendered":"https:\/\/carteamagului.ro\/tarot\/?page_id=3671"},"modified":"2026-03-06T13:14:01","modified_gmt":"2026-03-06T13:14:01","slug":"cartea-indragostitului","status":"publish","type":"page","link":"https:\/\/carteamagului.ro\/tarot\/cartea-indragostitului\/","title":{"rendered":"Cartea \u00cendr\u0103gostitului"},"content":{"rendered":"\n<p><strong>Tarotul Ini\u021biatic \u0219i Marile Mistere ale Lumii. <\/strong>VOLUMUL II : CARTEA RELA\u021aIILOR. Disponibil\u0103 spre v\u00e2nzare la <a href=\"https:\/\/carticusens.ro\/produs\/cartea-indragostitului-georgi-ana\/\" target=\"_blank\" rel=\"noreferrer noopener\">https:\/\/carticusens.ro\/produs\/cartea-indragostitului-georgi-ana\/<\/a><\/p>\n\n\n\n<p>Soarele a c\u0103zut \u00eendr\u0103gostit, cauz\u00e2nd o \u00eenCREANG\u0102tur\u0103 de rela\u021bii complicate, ca un pOM al cunoa\u0219terii binelui \u0219i r\u0103ului. Iar OMul pOMul dup\u0103 roade se cunoa\u0219te.<\/p>\n\n\n\n<p>Fiecare OM contine \u00een CAPUL lui, \u00eentr-o propor\u021bie mai mare sau mai mic\u0103, toate cele 22 de arhetipuri reprezentate \u00een arcanele majore din Tarotul de Marseille, ca o memorie vie a min\u021bii universale&nbsp; c\u0103l\u0103toare prin timp \u00eentr-o form\u0103 condensat\u0103 de ap\u0103, \u00een propor\u021bie de 70% \u0219i p\u0103m\u00e2nt. Dintre toate acestea, arhetipul ce poart\u0103 num\u0103rul VI, \u00cendr\u0103gostitul, dup\u0103 cum \u00eei sun\u0103 numele, reprezint\u0103 legea iubirii.<\/p>\n\n\n\n<p>A\u0219adar, \u00een deplin\u0103tatea con\u0219tiin\u021bei OMENe\u0219ti, misterul \u00cendr\u0103gostitului are scopul s\u0103 dezv\u0103luie \u0219i s\u0103 trezeasc\u0103 iubirea, adev\u0103rul unic, universal, absolut, din care Lumea a fost creat\u0103. \u0218i dac\u0103 \u00eenSEMNEAZ\u0102 adev\u0103r atunci este echivalent\u0103 cu libertatea! Iubirea nu constr\u00e2nge, nu poate fi contractat\u0103, nu are nevoie s\u0103 fie legitimat\u0103. Nu poate fi negat\u0103, nu poate fi conDAMNAT\u0102 \u0219i nu poate fi refuzat\u0103. \u00cens\u0103 poate fi ascuns\u0103, ca m\u00e2na de la spatele \u00cendr\u0103gostitului.<\/p>\n\n\n\n<p>\u00cendr\u0103gostitul ne arat\u0103 \u0219i faptul c\u0103 iubirea nu exclude \u0219i nu concureaz\u0103, ea include, integreaz\u0103 \u0219i creeaz\u0103 o familie unit\u0103, \u00een care fiecare participant se a\u0219eaz\u0103 la locul potrivit.<\/p>\n\n\n\n<p>Tema iubirii, pus\u0103 \u00een scen\u0103 de c\u0103tre \u00cendr\u0103gostit \u0219i amplificat\u0103 prin oglindire de c\u0103tre Eremit, p\u00e2n\u0103 la Diavol \u0219i Judecat\u0103, este dezvoltat\u0103 \u00een Cartea \u00cendr\u0103gostitului, din toate unghiurile care mi-au fost, r\u00e2nd pe r\u00e2nd, inspirate, pe parcursul anilor 2021-2023.&nbsp;<\/p>\n\n\n\n<p>Fie ca lumina con\u0219tiin\u021bei s\u0103 v\u0103 c\u0103l\u0103uzeasc\u0103 pe c\u0103r\u0103rile misterioase \u0219i \u00eenc\u00e2lcite ale iubirii!<\/p>\n\n\n\n<p><strong>CUPRINS<\/strong><br> Introducere<br> Cartea Rela\u021biilor<br> Astrologie \u0219i Tarot<br> Calea \u00cendr\u0103gostitului. Calea Inimii R\u0103nite de Moarte<br><br> Partea I : Soart\u0103 \u0219i Destin<br> Partea II : Cronica unui an neobi\u0219nuit: 2022.<br> JURNAL de poMENIRE a Nebunului \u00cendr\u0103gostit<br> Partea III : Calcule, Studii de caz<br> Partea IIII : Formule magice pentru etal\u0103ri personalizate<br><br><strong> Partea I: Soart\u0103 \u0219i Destin<\/strong><br> Soart\u0103 &amp; Destin<br> LOGIC\u0102 vs RA\u021aIUNE \u00een TAROT<br> \u00cen-CERC-are \u00een-cer-cuit-oare?!<br> M(O)ARTE &amp; TAXE<br> Eros \u0219i Thanatos<br> Patimile \u00eendr\u0103gostitului<br> Originea Treimii din perspectiva Tarotului<br> Fe\u021bele Lunii<br> Calea vindec\u0103toare a ini\u021bierii (I)<br> Calea vindec\u0103toare a ini\u021bierii (II)<br> Calea vindec\u0103toare a ini\u021bierii (III)<br> Cartea \u00eendr\u0103gostitului<br> Trenul Vie\u021bii<br> Calea vindec\u0103toare a ini\u021bierii (IIII)<br> Tema ata\u0219amentului<br> Ata\u0219amentul &amp; Nodurile lunare<br> Iubiri ne\u00eemplinite<br> 69: Controlul furiilor<br> Lumea, \u00eentre \u00eenger \u0219i drac<br> Dilema \u00cendr\u0103gostitului<br> Misterele \u00cendr\u0103gostitului. Soarele de la Miezul<br> Nop\u021bii<br> Dreptatea \u00cendr\u0103gostitului<br> Judecata \u00cendr\u0103gostitului<br> Fe\u021bele Diavolului<br> Vindecarea Vindec\u0103torului I<br> Adev\u0103r sau minciun\u0103?<br> Soarele SOLiDARit\u0103\u021bii<br> Prizonieri \u00een cubul lui Saturn<br> M\u0103rul lui Adam \u0219i rodia Persefonei<br> \u00centre Spa\u021biu \u0219i Timp<br> T\u0103cerea Magului<br> Enigma Arcanei f\u0103r\u0103 Nume<br> La Dans cu Arcana f\u0103r\u0103 Nume<br><br><strong> Partea a II-a: Cronica unui an neobi\u0219nuit: 2022.<\/strong><br> JURNAL de poMENIRE a Nebunului \u00cendr\u0103gostit<br> \u00cencotro?&#8230;<br> M\u0103rul de Aur<br> C\u0103derea \u00cenGERULUI<br> 2022, Anul cu Multe fe\u021be<br> Preambul la Schimbarea de Destin<br> Dies Irae<br> C\u0103l\u0103toria Eroului. CINA CEA DE TAIN\u0102<br> Particula lui Dumnezeu<br> Drama \u00cendr\u0103gostitului<br> Soarta \u00een luna \u00cendr\u0103gostitului. Calea iubirii<br> C\u0103l\u0103toria Eroului. Soarele \u0219i Luna<br> Ochiul Lumii<br> Tetralemma \u00een Tarot<br> Eterna re\u00eentoarcere<br> \u00centreb\u0103rile unui Nebun pe cale de Ini\u021biere<br> Luna Nou\u0103 a \u00cendr\u0103gostitului<br> PORTALUL LEULUI.<br> Rider-Waite vs Jodorowsky-Camoin<br> Fecioara, Diavolul \u0219i \u00cendr\u0103gostitul<br> Hai-hui prin Lumea Iluziilor<br> Misterele nenuM\u0102Rate<br> ME\u0218TERUL DEMIURG.<br> \u00cen CERCUL \u00cemp\u0103ratului Ne-Bun \u0219i Autodistructiv<br> Hai-Hui prin Univers<br> Destine \u00eenNODate<br> Elon \u0219i Dracul (pamflet)<br> 24, La Ceasul de Cump\u0103n\u0103 al \u00cendr\u0103gostitului<br><br><strong> Partea a III-a: Studii de caz<\/strong><br> Soarele \u0219i Luna mi-au \u021binut cununa<br> Cale-n-Darul Magiei<br> Colind la sf\u00e2r\u0219it de Lume XXI<br> Anii Sabatici<br> O-RA, \u00eenchisoarea Sofiei<br> Ie\u0219irea din cubul lui Saturn<br> Soarta Destinului<br> Vindecarea Vindec\u0103torului<br> Dincolo de destin<br> Secretele Magiei<br> Pe-un picior de plai, pe-o gur\u0103 de Rai&#8230; (I)<br> Pe-un picior de plai, pe-o gur\u0103 de Rai&#8230; (II)<br> Pe-un picior de plai, pe-o gur\u0103 de Rai&#8230; (III)<br> Pe-un picior de plai, pe-o gur\u0103 de Rai&#8230; (IIII)<br> Diavolul personal<br> Diavolul \u0219i Casa Dumnezeu<br> Mitul lui Sisif sau repetabila povar\u0103<br> Partea a IIII-a: Formule magice pentru etal\u0103ri personalizate<br> Rela\u021biile arhetipale \u0219i principiul adun\u0103rii<br> Talismanul de protec\u021bie<br> Calea Iubirii<br> Etalarea Cauzalit\u0103\u021bii<br> Destine \u00eempletite: EA \u0219i EL<br> Etalarea Femeii Interioare<br> Etalarea B\u0103rbatului Interior<br> Secven\u021ba 369: Formula BUN\u0102st\u0103rii<br> Formulele \u00cendr\u0103gostitului (triunghiuri amoroase)<br> \u00ceNCHEIERE &#8211; Scara<br> EPILOG<\/p>\n\n\n\n<p><img loading=\"lazy\" decoding=\"async\" width=\"550\" height=\"779\" class=\"wp-image-3641\" style=\"width: 550px;\" src=\"https:\/\/carteamagului.ro\/tarot\/wp-content\/uploads\/2026\/02\/coperta-1.png\" alt=\"\" srcset=\"https:\/\/carteamagului.ro\/tarot\/wp-content\/uploads\/2026\/02\/coperta-1.png 492w, https:\/\/carteamagului.ro\/tarot\/wp-content\/uploads\/2026\/02\/coperta-1-212x300.png 212w\" sizes=\"auto, (max-width: 550px) 100vw, 550px\" \/><\/p>\n","protected":false},"excerpt":{"rendered":"<p>Tarotul Ini\u021biatic \u0219i Marile Mistere ale Lumii. VOLUMUL II : CARTEA RELA\u021aIILOR. Disponibil\u0103 spre v\u00e2nzare la https:\/\/carticusens.ro\/produs\/cartea-indragostitului-georgi-ana\/ Soarele a c\u0103zut \u00eendr\u0103gostit, cauz\u00e2nd o \u00eenCREANG\u0102tur\u0103 de rela\u021bii complicate, ca un pOM al cunoa\u0219terii binelui \u0219i r\u0103ului. Iar OMul pOMul dup\u0103 roade se cunoa\u0219te. Fiecare OM contine \u00een CAPUL lui, \u00eentr-o propor\u021bie mai mare sau mai mic\u0103, &hellip; <\/p>\n<p class=\"link-more\"><a href=\"https:\/\/carteamagului.ro\/tarot\/cartea-indragostitului\/\" class=\"more-link\">Continu\u0103 lectura<span class=\"screen-reader-text\"> \u201eCartea \u00cendr\u0103gostitului\u201d<\/span><\/a><\/p>\n","protected":false},"author":1,"featured_media":0,"parent":0,"menu_order":0,"comment_status":"closed","ping_status":"closed","template":"","meta":{"footnotes":""},"class_list":["post-3671","page","type-page","status-publish","hentry"],"_links":{"self":[{"href":"https:\/\/carteamagului.ro\/tarot\/wp-json\/wp\/v2\/pages\/3671","targetHints":{"allow":["GET"]}}],"collection":[{"href":"https:\/\/carteamagului.ro\/tarot\/wp-json\/wp\/v2\/pages"}],"about":[{"href":"https:\/\/carteamagului.ro\/tarot\/wp-json\/wp\/v2\/types\/page"}],"author":[{"embeddable":true,"href":"https:\/\/carteamagului.ro\/tarot\/wp-json\/wp\/v2\/users\/1"}],"replies":[{"embeddable":true,"href":"https:\/\/carteamagului.ro\/tarot\/wp-json\/wp\/v2\/comments?post=3671"}],"version-history":[{"count":4,"href":"https:\/\/carteamagului.ro\/tarot\/wp-json\/wp\/v2\/pages\/3671\/revisions"}],"predecessor-version":[{"id":3685,"href":"https:\/\/carteamagului.ro\/tarot\/wp-json\/wp\/v2\/pages\/3671\/revisions\/3685"}],"wp:attachment":[{"href":"https:\/\/carteamagului.ro\/tarot\/wp-json\/wp\/v2\/media?parent=3671"}],"curies":[{"name":"wp","href":"https:\/\/api.w.org\/{rel}","templated":true}]}}