{"id":3668,"date":"2026-03-06T13:02:52","date_gmt":"2026-03-06T13:02:52","guid":{"rendered":"https:\/\/carteamagului.ro\/tarot\/?page_id=3668"},"modified":"2026-03-06T13:02:52","modified_gmt":"2026-03-06T13:02:52","slug":"carti","status":"publish","type":"page","link":"https:\/\/carteamagului.ro\/tarot\/carti\/","title":{"rendered":"C\u0103r\u021bi"},"content":{"rendered":"\n<p>I. <strong>Cartea Magului. Tarotul \u00ceni\u021biatic \u0219i Marile Mistere ale Lumii<\/strong>. VOLUMUL I : \u00cen-DRUM-AR de (R)EVOlu\u021bie personal\u0103 cu iz LEGE-n-DAR (re-editat\u0103 \u00een 2024 \u0219i disponibil\u0103 spre v\u00e2nzare la\u00a0<a href=\"https:\/\/carticusens.ro\/produs\/cartea-magului-georgi-ana\/\">Editura CarticuSens<\/a>). <\/p>\n\n\n\n<p>Cartea descrie o metod\u0103 original\u0103 de introspec\u021bie \u0219i dezvoltare personal\u0103 unic\u0103, bazat\u0103 pe arhetipurile mitologice, astrologie \u0219i Tarot de Marseille. <\/p>\n\n\n\n<p>Descriere \u0219i cuprins: <a href=\"https:\/\/carteamagului.ro\/tarot\/initiere-in-mistere\/\">https:\/\/carteamagului.ro\/tarot\/initiere-in-mistere\/<\/a><\/p>\n\n\n\n<p>II. <strong>Cartea \u00cendr\u0103gostitului. Tarotul \u00ceni\u021biatic \u0219i Marile Mistere ale Lumii. <\/strong>VOLUMUL II: Cartea Magului a reprezentat primul nivel de ini\u021biere \u00een Marile Mistere ale Lumii \u0219i anume nivelul personal, unde fiecare dintre noi poate deveni eroul propriei sale pove\u0219ti de via\u021b\u0103, recunosc\u00e2ndu-\u0219i poten\u021bialul, harul, meritele \u0219i folosind toate cele 22 de m\u0103\u0219ti, sau fe\u021be ale sale la locul \u0219i la timpul potrivit.<\/p>\n\n\n\n<p>Volumul II, al \u00cendr\u0103gostitului, duce procesul de ini\u021biere mai departe, la un nivel superior \u0219i a\u0219eaz\u0103 fa\u021b\u0103 \u00een fa\u021b\u0103 eroul cu eroina lui&#8230; sau invers. Eroii intr\u0103 \u00een rela\u021bii, oglindindu-\u0219i at\u00e2t puterile c\u00e2t \u0219i sl\u0103biciunile, se confrunt\u0103 \u0219i se CONTRAbalanseaz\u0103, ca \u00eentr-un leag\u0103n de oportunit\u0103\u021bi, altfel spus, se dau pe Roata Fortunei, p\u00e2n\u0103 reu\u0219esc s\u0103 se armonizeze \u0219i s\u0103 se aduc\u0103 la un numiTOR comun. <\/p>\n\n\n\n<p>Descriere \u0219i cuprins: <a href=\"https:\/\/carteamagului.ro\/tarot\/cartea-indragostitului\/\">https:\/\/carteamagului.ro\/tarot\/cartea-indragostitului\/<\/a><\/p>\n\n\n\n<p>Disponibil\u0103 spre v\u00e2nzare la <a href=\"https:\/\/carteamagului.ro\/tarot\/cartea-indragostitului\/\" target=\"_blank\" rel=\"noreferrer noopener\">Carticusens.ro<\/a><\/p>\n\n\n\n<p><\/p>\n","protected":false},"excerpt":{"rendered":"<p>I. Cartea Magului. Tarotul \u00ceni\u021biatic \u0219i Marile Mistere ale Lumii. VOLUMUL I : \u00cen-DRUM-AR de (R)EVOlu\u021bie personal\u0103 cu iz LEGE-n-DAR (re-editat\u0103 \u00een 2024 \u0219i disponibil\u0103 spre v\u00e2nzare la\u00a0Editura CarticuSens). Cartea descrie o metod\u0103 original\u0103 de introspec\u021bie \u0219i dezvoltare personal\u0103 unic\u0103, bazat\u0103 pe arhetipurile mitologice, astrologie \u0219i Tarot de Marseille. Descriere \u0219i cuprins: https:\/\/carteamagului.ro\/tarot\/initiere-in-mistere\/ II. Cartea &hellip; <\/p>\n<p class=\"link-more\"><a href=\"https:\/\/carteamagului.ro\/tarot\/carti\/\" class=\"more-link\">Continu\u0103 lectura<span class=\"screen-reader-text\"> \u201eC\u0103r\u021bi\u201d<\/span><\/a><\/p>\n","protected":false},"author":1,"featured_media":0,"parent":0,"menu_order":0,"comment_status":"closed","ping_status":"closed","template":"","meta":{"footnotes":""},"class_list":["post-3668","page","type-page","status-publish","hentry"],"_links":{"self":[{"href":"https:\/\/carteamagului.ro\/tarot\/wp-json\/wp\/v2\/pages\/3668","targetHints":{"allow":["GET"]}}],"collection":[{"href":"https:\/\/carteamagului.ro\/tarot\/wp-json\/wp\/v2\/pages"}],"about":[{"href":"https:\/\/carteamagului.ro\/tarot\/wp-json\/wp\/v2\/types\/page"}],"author":[{"embeddable":true,"href":"https:\/\/carteamagului.ro\/tarot\/wp-json\/wp\/v2\/users\/1"}],"replies":[{"embeddable":true,"href":"https:\/\/carteamagului.ro\/tarot\/wp-json\/wp\/v2\/comments?post=3668"}],"version-history":[{"count":1,"href":"https:\/\/carteamagului.ro\/tarot\/wp-json\/wp\/v2\/pages\/3668\/revisions"}],"predecessor-version":[{"id":3674,"href":"https:\/\/carteamagului.ro\/tarot\/wp-json\/wp\/v2\/pages\/3668\/revisions\/3674"}],"wp:attachment":[{"href":"https:\/\/carteamagului.ro\/tarot\/wp-json\/wp\/v2\/media?parent=3668"}],"curies":[{"name":"wp","href":"https:\/\/api.w.org\/{rel}","templated":true}]}}