{"id":1396,"date":"2023-01-26T16:21:18","date_gmt":"2023-01-26T16:21:18","guid":{"rendered":"https:\/\/carteamagului.ro\/tarot\/?page_id=1396"},"modified":"2025-06-07T14:39:39","modified_gmt":"2025-06-07T14:39:39","slug":"cursuri","status":"publish","type":"page","link":"https:\/\/carteamagului.ro\/tarot\/cursuri\/","title":{"rendered":"Ateliere &#8211; Seminarii"},"content":{"rendered":"\n<p>Te invit s\u0103 participi la seminariile din seria LUMEA TAROTULUI. Informa\u021biile transmise sunt pentru cei suficient de deschi\u0219i, curajo\u0219i \u0219i capabili s\u0103 d\u0103r\u00e2me prejudec\u0103\u021bi, dogme, credin\u021be \u0219i bariere mentale \u00eenr\u0103d\u0103cinate \u00een con\u0219tiin\u021ba colectiv\u0103 timp de genera\u021bii sau mai noi&#8230; gen New Age.<\/p>\n\n\n\n<p><strong><a href=\"https:\/\/forms.gle\/cfhpiFe6BH1Gw6hQ6\" target=\"_blank\" rel=\"noreferrer noopener\">#Atelier Online ZOOM : TranFORM\u0102 Zilele \u00een Puteri, 25.06.2025, h19-21:30<\/a><\/strong> (formular de \u00eenscriere)<\/p>\n\n\n\n<p>#<strong><a href=\"https:\/\/www.youtube.com\/@georgi-ana\" target=\"_blank\" rel=\"noreferrer noopener\">Prezent\u0103ri Online pe YouTube<\/a> : GeorgiAna : Tarotul Initiatic \u0219i Marile Mistere<\/strong> <strong>ale Lumii<\/strong> : Dialoguri Informale &amp; Pastila de Tarot &amp; PreZICERI<\/p>\n\n\n\n<p><a href=\"https:\/\/carteamagului.ro\/tarot\/atelier-virtual-skype\/\" target=\"_blank\" rel=\"noreferrer noopener\"><strong>#2025: un an c\u00e2t ultimii 9<\/strong><\/a> : Preziceri si inspiratii din Tarot : Atelier virtual SKYPE \u00eenregistrat \u00een 25.01.2025 h19-22 &#8211; Dona\u021bie recomandat\u0103 dar nu obligatorie: 200 lei<\/p>\n\n\n\n<p>#<strong><a href=\"https:\/\/asociatianumerologilor.ro\/produs\/webinar-inregistratautocunoasterea-prin-relatii-si-ciclurile-vietii\/\" target=\"_blank\" rel=\"noreferrer noopener\">Autocunoa\u0219terea prin Rela\u021bii \u0219i Ciclurile Vie\u021bii.<\/a> <\/strong><em>Seminar \u00eenregistrat online pe ZOOM, la 24.09.2024, h19-22<\/em> &#8211; Din cuprins: Seriile de 3X7 arcane \u00een Tarotul de Marseille &#8211; Ciclurile vie\u021bii &#8211; Tipuri de rela\u021bii &#8211; Rela\u021bii speciale<\/p>\n\n\n\n<p><em>Pre\u021b: 120 lei<\/em>, disponibil la <a href=\"https:\/\/asociatianumerologilor.ro\/produs\/webinar-inregistratautocunoasterea-prin-relatii-si-ciclurile-vietii\/\" target=\"_blank\" rel=\"noreferrer noopener\">https:\/\/asociatianumerologilor.ro\/produs\/webinar-inregistratautocunoasterea-prin-relatii-si-ciclurile-vietii\/<\/a><\/p>\n\n\n\n<p><strong>#<a href=\"https:\/\/asociatianumerologilor.ro\/produs\/mai-2024-destin-sub-semnul-schimbarii-sesiune-inregistrata\/\" target=\"_blank\" rel=\"noreferrer noopener\">Destin sub Semnul Schimb\u0103rii.<\/a><\/strong><em><a href=\"https:\/\/asociatianumerologilor.ro\/produs\/mai-2024-destin-sub-semnul-schimbarii-sesiune-inregistrata\/\" target=\"_blank\" rel=\"noreferrer noopener\"><strong> <\/strong><\/a>Seminar \u00eenregistrat online pe ZOOM, la 18.05.2024, h19-22<\/em><br> Din cuprins:<br> Soart\u0103 \u0219i Destin pe cale de schimbare<br> Arc peste Timp: Nodurile lunare \u00eentre anii 2022-2025<br> Misterele Rela\u021biilor \u00een anul \u00cendr\u0103gostitului 2024<br> \u00centoarcere la Punctul 0<br><br><em>Pre\u021b: 120-150 lei<\/em>, disponibil la <a href=\"https:\/\/asociatianumerologilor.ro\/produs\/mai-2024-destin-sub-semnul-schimbarii-sesiune-inregistrata\/\" target=\"_blank\" rel=\"noreferrer noopener\">https:\/\/asociatianumerologilor.ro\/produs\/mai-2024-destin-sub-semnul-schimbarii-sesiune-inregistrata\/<\/a><\/p>\n\n\n\n<p><strong>#LUMEA Tarotului  &#8211; CURS \u00ceN PREG\u0102TIRE<br>Arhetipuri, virtu\u021bi, legi universale, \u00eencerc\u0103ri \u0219i daruri<\/strong> <br>Zeii \u0219i anti-zeii din noi. <br><em>Spune-mi c\u00e2nd te-ai n\u0103scut ca s\u0103-\u021bi spun cine e\u0219ti<\/em> <br><a href=\"https:\/\/api.whatsapp.com\/send?phone=40721605595\" target=\"_blank\" rel=\"noreferrer noopener nofollow\">Sesiune \u00eenregistrat\u0103 \/ PRE\u00ceNSCRIERI<\/a> (\u00a0<a href=\"http:\/\/wa.link\/gtjhnh\" target=\"_blank\" rel=\"noreferrer noopener\">WhatsAp +0721 605595<\/a>)<\/p>\n\n\n\n<figure class=\"wp-block-image\"><a href=\"https:\/\/carteamagului.ro\/tarot\/wp-content\/uploads\/2023\/06\/alexa2.png\" target=\"_blank\" rel=\"noreferrer noopener\"><img loading=\"lazy\" decoding=\"async\" width=\"1200\" height=\"675\" src=\"https:\/\/carteamagului.ro\/tarot\/wp-content\/uploads\/2023\/06\/alexa2.png\" alt=\"\" class=\"wp-image-1750\" srcset=\"https:\/\/carteamagului.ro\/tarot\/wp-content\/uploads\/2023\/06\/alexa2.png 1200w, https:\/\/carteamagului.ro\/tarot\/wp-content\/uploads\/2023\/06\/alexa2-300x169.png 300w, https:\/\/carteamagului.ro\/tarot\/wp-content\/uploads\/2023\/06\/alexa2-1024x576.png 1024w, https:\/\/carteamagului.ro\/tarot\/wp-content\/uploads\/2023\/06\/alexa2-768x432.png 768w\" sizes=\"auto, (max-width: 767px) 89vw, (max-width: 1000px) 54vw, (max-width: 1071px) 543px, 580px\" \/><\/a><\/figure>\n\n\n\n<p>\u201e<em>Life is a full circle, widening until it joins the cicle motion of the infinit.<\/em>\u201d &#8211; Via\u021ba este un circuit complet, care se l\u0103rge\u0219te p\u00e2n\u0103 se une\u0219te cu mi\u0219carea circular\u0103 a infinitului. &#8211; Anais Nin (scriitoare cubanez\u0103, n. 21 feb. 1903, Lumea XXI cu Soarele \u00een Pe\u0219ti)<\/p>\n\n\n\n<p>O inCURSIUNE \u00een Lumea Tarotului este cu siguran\u021b\u0103 plin\u0103 de semnifica\u021bii. H.P.Blavatsky credea despre acest JOC INI\u021aIATIC c\u0103&nbsp; ar fi &#8222;cheia \u00eentregului ezoterism occidental&#8221;. De ce este important acest lucru? Pentru c\u0103, p\u00e2n\u0103 la urm\u0103, ar fi folositor s\u0103 ne cunoa\u0219tem \u00een primul r\u00e2nd mo\u0219tenirea GENETIC\u0102, SURSA ale c\u0103rei extensii suntem ca PERSONAlit\u0103\u021bi. Ca europeni, din perspectiva arhetipurilor, apar\u021binem tezaurului&nbsp; cultural greco-roman. A\u0219adar, mitologia european\u0103, astrologia, numerologia \u0219i Tarotul, ca sintez\u0103 a lor, ar constitui instrumentele favorite de auto-cunoa\u0219tere \u0219i&nbsp; evolu\u021bie \u00een con\u0219tiin\u021b\u0103 pentru cei ce se nasc \u0219i tr\u0103iesc \u00een acest spa\u021biu GEOgrafic.<\/p>\n\n\n\n<p><strong>\u00cen-CERC-are \u00een-cer-cuit-oare?!<\/strong> Este inutil s\u0103 \u00eencerc\u0103m s\u0103 explic\u0103m lingvistic, RA\u021bional, originea numelui de Tarot. \u00cen schimb, dac\u0103 vom c\u0103uta \u00eenrudirile fonetice vom constata c\u0103 rezultatele ob\u021binute cap\u0103t\u0103 mai mult sens \u0219i logic\u0103. Astfel Ta-rot, To-ra,&nbsp; Ro-ta, O-ra, Ho-ra fac parte din aceea\u0219i familie semantic\u0103. \u0218i ce au toate acestea \u00een comun? Roata, cercul sau, mai pe rom\u00e2ne\u0219te \u021aARCUL! \u0218i exact asta se reflect\u0103 \u00een Tarot: cercul sau \u021barcul vie\u021bii \u00een care 22 de arhetipuri se \u00eenv\u00e2rt necontenit. OroBorO sau ORA-H-ORA, \u0219arpele care-\u0219i \u00eenghite coada ar putea fi o alt\u0103 ilustrare sintetic\u0103 a Tarotului, ca un uria\u0219 ORO-LOGIU cosmic ce m\u0103soar\u0103 trecerea ORELOR \u00een dimensiunea terestr\u0103.&nbsp;<\/p>\n\n\n\n<p>Prin urmare, arhetipurile care formeaz\u0103 Roata ZEILOR, t\u0103ria biblic\u0103 a cer(c)ului, grani\u021ba acestui Univers, alc\u0103tuiesc totodat\u0103 \u0219i verigile lan\u021bului care \u00eenchide Via\u021ba \u00eentr-un OU al crea\u021biei, exact a\u0219a cum se vede \u00een arcanele Lumea XXI \u0219i Papesa II. \u0218i dac\u0103 v\u0103 \u00eentreba\u021bi cumva cine a fost mai \u00eent\u00e2i oul sau g\u0103ina, din perspectiva Tarotului, ele sunt TOT-UNA, fiindc\u0103 g\u0103ina-mam\u0103 (N.B. Papesa) are oul \u00een locul capului! \u0218i deci \u00een capul ei ca un ou are loc TOT Universul.<\/p>\n\n\n\n<p>C\u0103l\u0103toria Tarotului sau CALEA, cum o numea Jodorowsky, este una fantastic\u0103, \u00een con\u0219tiin\u021ba universal\u0103, printre stele \u0219i constela\u021bii, departe \u00een necunoscut, deopotriv\u0103 \u00een Universul exterior c\u00e2t \u0219i \u00een micro-cosmosul interior. Limitele dintre ele se atenueaz\u0103 \u0219i dispar, pe m\u0103sur\u0103 ce ne recunoa\u0219tem \u00een ZEII tutelari ce se manifest\u0103 ca arhetipuri \u00een NOI. Jocul de Tarot este, ca \u0219i \u0219ahul, o reflexie SIMBOLIC\u0102, concentrat\u0103, a jocului vie\u021bii.<\/p>\n\n\n\n<p>Deci v\u0103 provoc s\u0103 \u00eenv\u00e2rtim \u00eempreun\u0103 ROATA FORTUNEI, s\u0103 vedem ce \u00ceN\u021aELEGERI ne va aduce SOARTA!<\/p>\n\n\n\n<p><strong>CUPRINS<\/strong> <br>Introducere. Istoria jocului de Tarot <br>Asocieri mitologice \u0219i astrologice <br>Tarotul de Marseille vs alte versiuni de Tarot <br>ORIGINEA. Punctul 0 <br><br>Arcanele planului fizic  <br>#Zeii \u0219i anti-zeii. Arcanele I-V <br>#Legile Soarelui. Arcanele VI-VII <br>#Legile Lunii. Arcanele VIII-VIIII <br><br>Roata Fortunei X. Soarta ca trecere dintre planul fizic \u0219i cel metafizic <br><br>Arcanele planului METAfizic  <br>#Virtu\u021bile zeilor. Arcanele XI-XIIII <br>#\u00cencerc\u0103rile zeilor. Arcanele XV-XVI <br>#Darurile zeilor. Arcanele XVII, XX, XXI <br>#Soarele \u0219i Luna <br><br>Studiu de caz. <br>Profil arhetipal K. G. Jung \u00een Tarotul de Marseille <br><br>Jocul rela\u021biilor \u00een Tarot. Integrare sau complementaritate <br>\u00cencheiere. La por\u021bile nemuririi <\/p>\n","protected":false},"excerpt":{"rendered":"<p>Te invit s\u0103 participi la seminariile din seria LUMEA TAROTULUI. Informa\u021biile transmise sunt pentru cei suficient de deschi\u0219i, curajo\u0219i \u0219i capabili s\u0103 d\u0103r\u00e2me prejudec\u0103\u021bi, dogme, credin\u021be \u0219i bariere mentale \u00eenr\u0103d\u0103cinate \u00een con\u0219tiin\u021ba colectiv\u0103 timp de genera\u021bii sau mai noi&#8230; gen New Age. #Atelier Online ZOOM : TranFORM\u0102 Zilele \u00een Puteri, 25.06.2025, h19-21:30 (formular de \u00eenscriere) &hellip; <\/p>\n<p class=\"link-more\"><a href=\"https:\/\/carteamagului.ro\/tarot\/cursuri\/\" class=\"more-link\">Continu\u0103 lectura<span class=\"screen-reader-text\"> \u201eAteliere &#8211; Seminarii\u201d<\/span><\/a><\/p>\n","protected":false},"author":1,"featured_media":0,"parent":0,"menu_order":0,"comment_status":"closed","ping_status":"closed","template":"","meta":{"footnotes":""},"class_list":["post-1396","page","type-page","status-publish","hentry"],"_links":{"self":[{"href":"https:\/\/carteamagului.ro\/tarot\/wp-json\/wp\/v2\/pages\/1396","targetHints":{"allow":["GET"]}}],"collection":[{"href":"https:\/\/carteamagului.ro\/tarot\/wp-json\/wp\/v2\/pages"}],"about":[{"href":"https:\/\/carteamagului.ro\/tarot\/wp-json\/wp\/v2\/types\/page"}],"author":[{"embeddable":true,"href":"https:\/\/carteamagului.ro\/tarot\/wp-json\/wp\/v2\/users\/1"}],"replies":[{"embeddable":true,"href":"https:\/\/carteamagului.ro\/tarot\/wp-json\/wp\/v2\/comments?post=1396"}],"version-history":[{"count":114,"href":"https:\/\/carteamagului.ro\/tarot\/wp-json\/wp\/v2\/pages\/1396\/revisions"}],"predecessor-version":[{"id":2990,"href":"https:\/\/carteamagului.ro\/tarot\/wp-json\/wp\/v2\/pages\/1396\/revisions\/2990"}],"wp:attachment":[{"href":"https:\/\/carteamagului.ro\/tarot\/wp-json\/wp\/v2\/media?parent=1396"}],"curies":[{"name":"wp","href":"https:\/\/api.w.org\/{rel}","templated":true}]}}