{"id":122,"date":"2022-01-06T14:38:31","date_gmt":"2022-01-06T14:38:31","guid":{"rendered":"https:\/\/carteamagului.ro\/tarot\/?page_id=122"},"modified":"2026-03-06T13:15:48","modified_gmt":"2026-03-06T13:15:48","slug":"initiere-in-mistere","status":"publish","type":"page","link":"https:\/\/carteamagului.ro\/tarot\/initiere-in-mistere\/","title":{"rendered":"Cartea Magului"},"content":{"rendered":"\n<p><strong>Cartea Magului. Tarotul Ini\u021biatic \u0219i Marile Mistere ale Lumii<\/strong>. VOLUMUL I : \u00cen-DRUM-AR de (R)EVOlu\u021bie personal\u0103 cu iz LEGE-n-DAR (publicat\u0103 \u00een 2021 \u0219i re-editat\u0103 \u00een 2024 la <a href=\"https:\/\/carticusens.ro\/produs\/cartea-magului-georgi-ana\/\">Editura CarticuSens<\/a>).<\/p>\n\n\n\n<p>Cartea descrie o metod\u0103 original\u0103 de introspec\u021bie \u0219i dezvoltare personal\u0103 unic\u0103, bazat\u0103 pe arhetipurile mitologice, astrologie \u0219i Tarot de Marseille.<\/p>\n\n\n\n<p>Pas cu pas spre cunoa\u0219terea de Sine, afl\u0103 cum poate fi folosit Tarotul de Marseille nu pentru a ghici viitorul, ci pentru a MODELA Con\u0219tiin\u021ba \u0219i Lumea!<\/p>\n\n\n\n<p>Vrei s\u0103 \u0219tii cine e\u0219ti? De unde vii? \u00cencotro te \u00eendrep\u021bi? Cum s\u0103-\u021bi \u00een\u021belegi \u0219i s\u0103-\u021bi \u00eembun\u0103t\u0103\u021be\u0219ti via\u021ba \u00een toate aspectele? Ia Cartea Magului \u0219i exploreaz\u0103-\u021bi destinul sub lupa Tarotului de Marseille.<\/p>\n\n\n\n<p><a href=\"https:\/\/carticusens.ro\/produs\/cartea-magului-georgi-ana\/\" target=\"_blank\" rel=\"noreferrer noopener\">Edi\u021bia a II-a este disponibil\u0103 din 10.02.2024 la C\u0103r\u021bicusens.ro<\/a>, Pre\u021b: 81 lei<\/p>\n\n\n\n<p><img loading=\"lazy\" decoding=\"async\" width=\"450\" height=\"643\" class=\"wp-image-2052\" style=\"width: 450px;\" src=\"https:\/\/carteamagului.ro\/tarot\/wp-content\/uploads\/2024\/02\/coperta-1-Cartea-Magului.png\" alt=\"\" srcset=\"https:\/\/carteamagului.ro\/tarot\/wp-content\/uploads\/2024\/02\/coperta-1-Cartea-Magului.png 463w, https:\/\/carteamagului.ro\/tarot\/wp-content\/uploads\/2024\/02\/coperta-1-Cartea-Magului-210x300.png 210w\" sizes=\"auto, (max-width: 450px) 100vw, 450px\" \/><\/p>\n\n\n\n<p>COMAND\u0102 edi\u021bia eBook la <br>Georgi Ana :&nbsp;<a href=\"mailto:terrana09@gmail.com\">terrana09@gmail.com<\/a>&nbsp;sau telefon 0721605595<br><strong>Pre\u021b: 62lei<\/strong><\/p>\n\n\n\n<figure class=\"wp-block-image\"><img decoding=\"async\" src=\"https:\/\/carteamagului.ro\/tarot\/wp-content\/uploads\/2022\/01\/Cartea-magului-3D.jpg\" alt=\"\"\/><\/figure>\n\n\n\n<p>CUPRINS<br>Partea I: De la Eleusis la Tarot<br>Drumul spre Eleusis<br>Originile Tarotului de Marseille<br>Tarotul de Marseille vs Misterele Eleusine<br>Precum \u00een cer, a\u0219a \u0219i pe p\u0103m\u00e2nt ori precum pe p\u0103m\u00e2nt a\u0219a \u0219i \u00een cer?<br>ALERTA DE SECURITATE<br>Tarotul Zilelor Noastre<br>Arcanele Minore \u00een Tarotul de Marseille vs Tarotul RWS<br>Demonii elementelor. Arcanele Minore<\/p>\n\n\n\n<p>Partea II: Ini\u021biere \u00een Tarotul de Marseille. Analize, interpret\u0103ri, aplica\u021bii<br>Codul culorilor: ro\u0219u, galben, albastru, portocaliu, verde, violet, culoarea pielii, negru &amp; alb<br>PERSONAJELE TAROTULUI PRIN PRISMA ASTRO-MITOLOGIEI: Ares-Marte, Hermes-Mercur, Afrodita-Venus, Soarele &amp; Luna<br>Animalele \u00een Tarotul de Marseille<br>Instrumentele magiei \u00een Tarotul de Marseille: bagheta magic\u0103, sceptrul, toiagul &amp; f\u0103clia, sabia, coasa &amp; s\u0103ge\u021bile lui Eros<br>GAMBITUL DAMEI. Tarotul \u0219i Jocul de \u0218ah<br>Tarotul \u00een casele astrologice ale Zodiacului<br>MANDALA PERSONAL\u0102. Reflexia astrogramei \u00een Tarotul de Marseille<br>Mandala arhetipal\u0103 OM<br>CALEA IUBIRII<br>Diavolul \u00eendr\u0103gostit<br>\u00cendr\u0103gostitul alungat \u0219i p\u0103catul originar<br>Semnifica\u021bia zilelor de na\u0219tere \u00een arcanele Tarotului<br>CALEA\u0218CA DE ACAS\u0102<br>\u00cenv\u0103\u021b\u0103mintele mandalei personale \u00een rela\u021bii<br>DIAGRAMA RELA\u021aIILOR<br>Predispozi\u021biile astrale \u0219i rezolvarea blocajelor din perspectiva Tarotului<br>Arcane cu semnal de alarm\u0103<br>Misterele de prim\u0103var\u0103. Mesajul Eremitului<br>Magia M\u0103r\u021bi\u0219orului. Firul alb \u0219i firul ro\u0219u<br>Ziua Sfinxului din Bucegi \u0219i Tarotul de Marseille<br>Timpul Universal<br>TAROTUL FRACTALIC<br>Apocalipsa \u00een Tarot<br>Tranzi\u021biile erelor astrologice<\/p>\n\n\n\n<p>Partea III: Jurnal magic 1-22 Septembrie 2020<br>21 de zile + 1 pe drumul Arcanelor Majore, 21 de zile pe drumul spre Eleusis<br>MistereleEleusine 1.09. TarotdeMarseille I : Le Bateleur \u2013 Magicianul<br>MistereleEleusine 2.09. TarotdeMarseille II : La Papesse \u2013 Papesa<br>MistereleEleusine 3.09. TarotdeMarseille III : Limperatrice \u2013 \u00cemp\u0103r\u0103teasa<br>MistereleEleusine 4.09. TarotdeMarseille IIII : L\u2019Empereur \u2013 \u00cemp\u0103ratul<br>MistereleEleusine 5.09. TarotdeMarseille V : Le Pape \u2013 Papa<br>MistereleEleusine 6.09. TarotdeMarseille VI : Lamoureux \u2013 \u00cendr\u0103gostitul<br>MistereleEleusine 7.09. TarotdeMarseille VII : Le Chariot \u2013 \u0218areta<br>MistereleEleusine 8.09. TarotdeMarseille VIII : La Justice \u2013 Justitia<br>MistereleEleusine 9.09. TarotdeMarseille VIIII : L\u2019Hermit \u2013 Eremitul<br>MistereleEleusine 10.09. TarotdeMarseille X : La Roue de Fortune \u2013 Roata Fortunei<br>MistereleEleusine 11.09. TarotdeMarseille XI : La Force \u2013 Puterea<br>MistereleEleusine 12.09. TarotdeMarseille XII : Le Pendu \u2013 Sp\u00e2nzuratul<br>MistereleEleusine 13.09. TarotdeMarseille XIII : Arcana f\u0103r\u0103 nume<br>MistereleEleusine 14.09. TarotdeMarseille XIIII : Temperance \u2013 Cump\u0103tarea<br>MistereleEleusine 15.09. TarotdeMarseille XV : Le Diable \u2013 Diavolul<br>MistereleEleusine 16.09. TarotdeMarseille XVI : La Maison Dieu \u2013 Casa Dumnezeu<br>MistereleEleusine 17.09. TarotdeMarseille XVII : Le Toile \u2013 TULA \u2013 Raiul<br>MistereleEleusine 18.09. TarotdeMarseille XVIII : La Lune \u2013 Luna<br>MistereleEleusine 19.09. TarotdeMarseille XVIIII : Le Soleil \u2013 Soarele<br>MistereleEleusine 20.09. TarotdeMarseille IIII : Le Iugement \u2013 Judecata<br>MistereleEleusine 21.09. TarotdeMarseille XXI : Le Monde \u2013 Lumea<br>MistereleEleusine 22.09. TarotdeMarseille : Le Mat \u2013 Arcana f\u0103r\u0103 num\u0103r \u2013 Regele c\u0103zut zis Ne-bunul<\/p>\n\n\n\n<p>\u00ceNCHEIERE \u2013 Jocul Dorin\u021belor<br>DORIN\u021aA<br>Secretul celor 3 dorin\u021be<br>X<br>Dilema Magului<br>M\u00e2ntuirea Sufletului<br>Hora (H)orelor<br>Lumea Oglinzilor<br>La \u00eenceput a fost cuv\u00e2ntul\u2026<\/p>\n\n\n\n<p>346 pagini, format 14.5\u00d720.5, editura LETRAS, editia 2021<\/p>\n\n\n\n<p>400 pagini, format 14.5\u00d720.5, editura CARTI CU SENS, editia 2024<\/p>\n","protected":false},"excerpt":{"rendered":"<p>Cartea Magului. Tarotul Ini\u021biatic \u0219i Marile Mistere ale Lumii. VOLUMUL I : \u00cen-DRUM-AR de (R)EVOlu\u021bie personal\u0103 cu iz LEGE-n-DAR (publicat\u0103 \u00een 2021 \u0219i re-editat\u0103 \u00een 2024 la Editura CarticuSens). Cartea descrie o metod\u0103 original\u0103 de introspec\u021bie \u0219i dezvoltare personal\u0103 unic\u0103, bazat\u0103 pe arhetipurile mitologice, astrologie \u0219i Tarot de Marseille. Pas cu pas spre cunoa\u0219terea de &hellip; <\/p>\n<p class=\"link-more\"><a href=\"https:\/\/carteamagului.ro\/tarot\/initiere-in-mistere\/\" class=\"more-link\">Continu\u0103 lectura<span class=\"screen-reader-text\"> \u201eCartea Magului\u201d<\/span><\/a><\/p>\n","protected":false},"author":1,"featured_media":0,"parent":0,"menu_order":0,"comment_status":"closed","ping_status":"closed","template":"","meta":{"footnotes":""},"class_list":["post-122","page","type-page","status-publish","hentry"],"_links":{"self":[{"href":"https:\/\/carteamagului.ro\/tarot\/wp-json\/wp\/v2\/pages\/122","targetHints":{"allow":["GET"]}}],"collection":[{"href":"https:\/\/carteamagului.ro\/tarot\/wp-json\/wp\/v2\/pages"}],"about":[{"href":"https:\/\/carteamagului.ro\/tarot\/wp-json\/wp\/v2\/types\/page"}],"author":[{"embeddable":true,"href":"https:\/\/carteamagului.ro\/tarot\/wp-json\/wp\/v2\/users\/1"}],"replies":[{"embeddable":true,"href":"https:\/\/carteamagului.ro\/tarot\/wp-json\/wp\/v2\/comments?post=122"}],"version-history":[{"count":55,"href":"https:\/\/carteamagului.ro\/tarot\/wp-json\/wp\/v2\/pages\/122\/revisions"}],"predecessor-version":[{"id":3686,"href":"https:\/\/carteamagului.ro\/tarot\/wp-json\/wp\/v2\/pages\/122\/revisions\/3686"}],"wp:attachment":[{"href":"https:\/\/carteamagului.ro\/tarot\/wp-json\/wp\/v2\/media?parent=122"}],"curies":[{"name":"wp","href":"https:\/\/api.w.org\/{rel}","templated":true}]}}