{"id":116,"date":"2022-01-06T14:33:36","date_gmt":"2022-01-06T14:33:36","guid":{"rendered":"https:\/\/carteamagului.ro\/tarot\/?page_id=116"},"modified":"2025-11-02T10:55:20","modified_gmt":"2025-11-02T10:55:20","slug":"mandala-personala-in-tarot","status":"publish","type":"page","link":"https:\/\/carteamagului.ro\/tarot\/mandala-personala-in-tarot\/","title":{"rendered":"Consiliere"},"content":{"rendered":"\n<p>Tarot-Mitologie-Astrologie-Numerologie. V\u0103 invit s\u0103 experimenta\u021bi aceast\u0103 metod\u0103 ORIGINAL\u0102 de auto-cunoa\u0219tere \u0219i introspec\u021bie bazat\u0103 pe Tarot, un instrument psihologic inovativ, specific ROM\u00c2NESC, un sistem de interpretare creat de mine ca rezultat al asocierii cu astrologia. \u201cJocul\u201c de Tarot poate fi considerat ca NUMEROLOGIE PERSONIFICAT\u0102, deoarece fiecare num\u0103r, de la 1 la 21 (plus o arcana f\u0103r\u0103 num\u0103r), este prezentat sub forma unui personaj arhetipal pe o scen\u0103 mitologic\u0103 plin\u0103 de simboluri ezoterice, ce pot fi descifrate de ini\u021bia\u021bi.<\/p>\n\n\n\n<p>Comand\u0103 prin email la&nbsp;<a href=\"mailto:terrana09@gmail.com\">terrana09@gmail.com<\/a>&nbsp;sau telefon 0721605595 serviciul ales.<\/p>\n\n\n\n<p>Sunt disponibile mai multe tipuri de servicii:<\/p>\n\n\n\n<p><strong>Mandala personal\u0103 &#8211;<\/strong>&nbsp;serviciul con\u021bine urm\u0103toarele : harta astral\u0103 corespunz\u0103toare zilei, orei, locului na\u0219terii + profilul personal rezultat din astrologie combinat\u0103 cuTarot + mandala personal\u0103 \u00een Tarotul de Marseille + interpretarea mandalei, consiliere direct\u0103 \u00een Baia Mare sau la distan\u021b\u0103 (pe ZOOM) pentru cei din alte localit\u0103\u021bi (aprox. 2 ore).&nbsp;<strong>Pre\u021b: 450 lei<\/strong><\/p>\n\n\n\n<p><strong>Diagrama unei rela\u021bii &#8211;<\/strong>\u00a0serviciul con\u021bine urm\u0103toarele : h\u0103r\u021bile astrale ale celor 2 parteneri + diagrama rela\u021biei + interpretarea diagramei, consiliere direct\u0103 \u00een Baia Mare sau pe telefonic\u0103 (1 or\u0103). <strong>Pre\u021b: 350 lei<\/strong><\/p>\n\n\n\n<p><strong>Calea bun\u0103st\u0103rii \u0219i prosperit\u0103\u021bii materiale<\/strong>, bazat\u0103 pe dispunerea arcanelor 369 \u0219i casele materiale din harta astrologic\u0103 personal\u0103 : harta astral\u0103 corespunz\u0103toare zilei, orei, locului na\u0219terii + formulele personale ale bun\u0103st\u0103rii + interpretare \u0219i consiliere direct\u0103 \u00een Baia Mare sau la distan\u021b\u0103 pentru cei din alte localit\u0103\u021bi (aprox. 2 ore). <strong>Pre\u021b: 450 lei<\/strong><\/p>\n\n\n\n<p><a name=\"#mag\"><\/a><strong>Brelocuri<\/strong> <strong>personalizate<\/strong> bazate pe CIFRUL din data na\u0219terii (formula m\u0103iestriei) sau diferite alte combina\u021bii deduse din matricea numerologic\u0103 \u00een Tarot sau aspecte astrologice din harta natal\u0103 + discu\u021bie explicativ\u0103 de aprox. 1h. <strong>Pre\u021b: 250 lei<\/strong><\/p>\n\n\n\n<p>Comand\u0103 prin email la&nbsp;<a href=\"mailto:terrana09@gmail.com\">terrana09@gmail.com<\/a>&nbsp;sau telefon 0721605595 serviciul ales.<\/p>\n\n\n\n<p><img loading=\"lazy\" decoding=\"async\" width=\"650\" height=\"471\" class=\"wp-image-2110\" style=\"width: 650px;\" src=\"https:\/\/carteamagului.ro\/tarot\/wp-content\/uploads\/2024\/05\/talisman1.png\" alt=\"\" srcset=\"https:\/\/carteamagului.ro\/tarot\/wp-content\/uploads\/2024\/05\/talisman1.png 800w, https:\/\/carteamagului.ro\/tarot\/wp-content\/uploads\/2024\/05\/talisman1-300x218.png 300w, https:\/\/carteamagului.ro\/tarot\/wp-content\/uploads\/2024\/05\/talisman1-768x557.png 768w\" sizes=\"auto, (max-width: 650px) 100vw, 650px\" \/><\/p>\n\n\n\n<p><img loading=\"lazy\" decoding=\"async\" width=\"650\" height=\"448\" class=\"wp-image-2106\" style=\"width: 650px;\" src=\"https:\/\/carteamagului.ro\/tarot\/wp-content\/uploads\/2024\/05\/mag3.png\" alt=\"\" srcset=\"https:\/\/carteamagului.ro\/tarot\/wp-content\/uploads\/2024\/05\/mag3.png 1200w, https:\/\/carteamagului.ro\/tarot\/wp-content\/uploads\/2024\/05\/mag3-300x207.png 300w, https:\/\/carteamagului.ro\/tarot\/wp-content\/uploads\/2024\/05\/mag3-1024x706.png 1024w, https:\/\/carteamagului.ro\/tarot\/wp-content\/uploads\/2024\/05\/mag3-768x529.png 768w\" sizes=\"auto, (max-width: 650px) 100vw, 650px\" \/><\/p>\n\n\n\n<p><strong>Mandala personal\u0103<\/strong>, ca oglindire a astrogramei \u00een Tarotul de Marseille, exprim\u0103 vizual programul de via\u021b\u0103 al unei \u00eentrup\u0103ri, partitura pe care o interpreteaz\u0103 Personajul, cu mai mult sau mai pu\u021bin talent. Ea se centreaz\u0103 \u0219i se dezvolt\u0103 \u00een jurul unicei arcane majore care te reprezint\u0103. Toate celelalte fac parte din evolu\u021bia ta \u0219i, implicit, \u0219i din tine, dar arcana principal\u0103 este Regina ta, cea care conduce jocul. Desigur c\u0103, la fel ca OMUL, fiecare mandal\u0103 are personalitatea ei! Arcanele din Tarot sunt corelate cu casele astrologice \u015fi indic\u0103 modul optim de ac\u0163iune \u00een domeniul de via\u0163\u0103 corespunz\u0103tor, precum \u015fi predispozi\u0163iile constructive sau distructive. Av\u00e2nd un puternic impact vizual, mandala personal\u0103 interac\u0163ioneaz\u0103 cu subcon\u015ftientul \u015fi chiar f\u0103r\u0103 nici o informa\u0163ie din astrologie sau Tarot, contemplarea personajelor din arcane stimuleaz\u0103 capacit\u0103\u0163ile intuitive din SINE pentru rezolvarea unor situa\u0163ii concrete de via\u0163\u0103, a unor dificult\u0103\u021bi sau complica\u0163ii decizionale. Jung considera MANDALA \u00een general ca o expresie a individualit\u0103\u021bii.<\/p>\n\n\n\n<p><strong>Diagramele rela\u021biilor<\/strong>&nbsp;se pot aplica at\u00e2t \u00een rela\u021bii inter-umane (prieteni, so\u021b-so\u021bie, \u0219efi\/colegi de munca), c\u00e2t \u0219i \u00een rela\u021bie cu locuin\u021ba sau locul de munc\u0103. Diagrama unei rela\u021bii arat\u0103 cu claritate care este scopul, evolu\u021bia \u0219i finalitatea unei rela\u021bii, din perspectiva DIFERIT\u0102 a ambilor parteneri.<\/p>\n\n\n\n<p>EXEMPLE  &#8211; mandala personal\u0103 a unui avatar Luna XVIII \u0219i diagrama unei rela\u021bii \u00eentre un avatar \u00cemp\u0103rat III \u0219i Raiul XVII<\/p>\n\n\n\n<figure class=\"wp-block-image\"><img loading=\"lazy\" decoding=\"async\" width=\"996\" height=\"698\" src=\"https:\/\/carteamagului.ro\/tarot\/wp-content\/uploads\/2022\/03\/mandala-luna-sdd.jpg\" alt=\"\" class=\"wp-image-430\" srcset=\"https:\/\/carteamagului.ro\/tarot\/wp-content\/uploads\/2022\/03\/mandala-luna-sdd.jpg 996w, https:\/\/carteamagului.ro\/tarot\/wp-content\/uploads\/2022\/03\/mandala-luna-sdd-300x210.jpg 300w, https:\/\/carteamagului.ro\/tarot\/wp-content\/uploads\/2022\/03\/mandala-luna-sdd-768x538.jpg 768w\" sizes=\"auto, (max-width: 767px) 89vw, (max-width: 1000px) 54vw, (max-width: 1071px) 543px, 580px\" \/><figcaption class=\"wp-element-caption\">Mandala personal\u0103 a unui avatar LUNA XVIII<\/figcaption><\/figure>\n\n\n\n<figure class=\"wp-block-image\"><img loading=\"lazy\" decoding=\"async\" width=\"826\" height=\"670\" src=\"https:\/\/carteamagului.ro\/tarot\/wp-content\/uploads\/2022\/07\/relatia-IIII-XVII.jpg\" alt=\"\" class=\"wp-image-868\" srcset=\"https:\/\/carteamagului.ro\/tarot\/wp-content\/uploads\/2022\/07\/relatia-IIII-XVII.jpg 826w, https:\/\/carteamagului.ro\/tarot\/wp-content\/uploads\/2022\/07\/relatia-IIII-XVII-300x243.jpg 300w, https:\/\/carteamagului.ro\/tarot\/wp-content\/uploads\/2022\/07\/relatia-IIII-XVII-768x623.jpg 768w\" sizes=\"auto, (max-width: 767px) 89vw, (max-width: 1000px) 54vw, (max-width: 1071px) 543px, 580px\" \/><figcaption class=\"wp-element-caption\">Diagrama unei rela\u021bii \u00cemp\u0103ratul IIII &#8211; Raiul XVII<\/figcaption><\/figure>\n\n\n\n<figure class=\"wp-block-image\"><img loading=\"lazy\" decoding=\"async\" width=\"1004\" height=\"661\" src=\"https:\/\/carteamagului.ro\/tarot\/wp-content\/uploads\/2022\/10\/3arcane7.jpg\" alt=\"\" class=\"wp-image-1146\" srcset=\"https:\/\/carteamagului.ro\/tarot\/wp-content\/uploads\/2022\/10\/3arcane7.jpg 1004w, https:\/\/carteamagului.ro\/tarot\/wp-content\/uploads\/2022\/10\/3arcane7-300x198.jpg 300w, https:\/\/carteamagului.ro\/tarot\/wp-content\/uploads\/2022\/10\/3arcane7-768x506.jpg 768w\" sizes=\"auto, (max-width: 767px) 89vw, (max-width: 1000px) 54vw, (max-width: 1071px) 543px, 580px\" \/><figcaption class=\"wp-element-caption\">Formulele bun\u0103st\u0103rii personale \u00een Tarot (pentru un avatar \u0218areta VII)<\/figcaption><\/figure>\n\n\n\n<p>PORTRET ARHETIPAL<br>Cunoa\u0219te-te pe tine \u00eensu\u021bi \u0219i vei cunoa\u0219te \u00eentregul Univers \u0219i zeii. Fiecare Om e un Univers. Un caleidoscop de aspecte, m\u0103\u0219ti, arhetipuri se exprim\u0103 \u00een EL, GENER\u00c2ND o LUME unic\u0103. Dintre toate fe\u021bele omului, UNA singur\u0103, ascuns\u0103 \u0219i misterioas\u0103, conduce jocul. Iar dac\u0103 \u00eei \u00een\u021belegi impulsurile, puterile \u0219i sl\u0103biciunile, vei \u0219ti cum s\u0103-l joci, astfel ca nimic s\u0103 nu mai poat\u0103 sta \u00een CALEA des\u0103v\u00e2r\u0219irii tale. Dar s\u0103 fie clar, de la \u00eenceput, vorbim exclusiv despre arcanele majore din TAROTUL DE MARSEILLE, toate celelalte versiuni fiind mai mult sau mai pu\u021bin alterate, falsificate, pentru a deveni instrument de manipulare mental-emo\u021bional\u0103!<\/p>\n\n\n\n<p><strong>JOCUL CARE-\u021aI SCHIMB\u0102 VIA\u021aA<\/strong><br>To\u021bi primim aceeasi M\u00c2N\u0102 de C\u0102R\u021aI la na\u0219tere, doar c\u0103 sunt diferit aranjate. \u00cen Tarot, \u00eentre 0 \u0219i 21 exist\u0103 un singur mister care te c\u0103l\u0103uze\u0219te. Caut\u0103-l \u0219i-\u021bi vei descoperi adev\u0103rul! Joci dup\u0103 REGULI sau la cacealma? IA acum Cartea Magului la frunz\u0103rit \u0219i descoper\u0103-\u021bi ASUL din M\u00c2NEC\u0102!<\/p>\n\n\n\n<p>Cine e\u0219ti, ce arhetip manife\u0219ti, de unde vii, \u00eencotro mergi, cum s\u0103-\u021bi proiectezi realitatea pe care o dore\u0219ti, cum s\u0103-\u021bi \u00eenfrumuse\u021bezi via\u021ba, cum s\u0103 rezolvi probleme sau crize existentiale, cum s\u0103 dep\u0103\u0219e\u0219ti blocaje sau nereu\u0219ite repetate. Tarotul de Marseille este o metod\u0103 de auto-cunoa\u0219tere \u0219i dezvoltare personal\u0103, de o profunzime excep\u021bional\u0103 \u0219i a fost folosit \u00een psihoterapie, \u00een premier\u0103, de C.G. Jung, ca \u0219i cale de accesare a subcon\u0219tientului.<\/p>\n\n\n\n<p>Tarotul vorbe\u0219te limba sufletului, a inimii \u0219i te conduce prin meandrele ascunse ale fiin\u021bei tale \u00eentr-un mod intuitiv \u0219i cu mult\u0103 \u00een\u021belepciune. Dup\u0103 ce am studiat astrologia \u0219i mitologia, pot m\u0103rturisi cu sinceritate c\u0103 nimic nu mi-a adus at\u00e2tea revela\u021bii \u0219i \u00een\u021belegeri asupra naturii umane ca acest \u201cjoc\u201c miraculos \u0219i fascinant. A\u0219a \u00eenc\u00e2t doresc s\u0103-l \u00eemp\u0103rt\u0103\u0219esc cu to\u021bi cei interesa\u021bi de evolu\u021bia personal\u0103.<\/p>\n\n\n\n<p>Tarotul de Marseille, spre deosebire de divina\u021bia comun\u0103 \u00een Tarot, te poart\u0103 pe CALEA ini\u021biatic\u0103 str\u0103veche, a eroilor legendari \u0219i, atunci c\u00e2nd lucreaz\u0103 cu tine, te diferentiaz\u0103 de marea mas\u0103 a oamenilor obi\u0219nui\u021bi, vrei nu vrei! \u00cens\u0103 e un risc pe care chiar merit\u0103 s\u0103 \u021bi-l asumi. Devii EROUL propriei tale pove\u0219ti! Ai curajul s\u0103-l joci? Intr\u0103 \u00een H-ORA misterelor p\u00e2n\u0103 vei ie\u0219i de acolo re-generat!<\/p>\n\n\n\n<p><strong>Descoper\u0103 Magia Tarotului de Marseille<\/strong><br>Tarotul de Marseille, reconstituit de Alejandro Jodorowsky \u0219i Philippe Camoin, este singurul autentic, care p\u0103streaz\u0103 caracterul ini\u021biatic str\u0103vechi, de c\u0103l\u0103uz\u0103 \u00een con\u0219tiin\u021b\u0103 \u0219i poate fi achizi\u021bionat \u00een Rom\u00e2nia de la&nbsp;<a href=\"https:\/\/www.libristo.ro\/ro\/carte\/tarot-de-marseille_18308971\" target=\"_blank\" rel=\"noreferrer noopener\">https:\/\/www.libristo.ro\/ro\/carte\/tarot-de-marseille_18308971<\/a><\/p>\n\n\n\n<p><strong>Drumul c\u0103tre Sine<\/strong><\/p>\n\n\n\n<p>\u201cThe Tarot will teach you how to create a soul.\u201d&nbsp; &nbsp; &nbsp; &nbsp; &nbsp; &nbsp; &nbsp; &nbsp; &nbsp; &nbsp; &nbsp; &nbsp; &nbsp; &nbsp; &nbsp; &nbsp; &nbsp; &nbsp; &nbsp; &nbsp; &nbsp; &nbsp; &nbsp; &nbsp; &nbsp; &nbsp; &nbsp; &nbsp; &nbsp; &nbsp; &nbsp; &nbsp; &nbsp; &nbsp; &nbsp; &nbsp; &nbsp; &nbsp; &nbsp; &nbsp; &nbsp; &nbsp; &nbsp; &nbsp; &nbsp; &nbsp; &nbsp; &nbsp; &nbsp; &nbsp; &nbsp; &nbsp; &nbsp; &nbsp;Tarotul te va \u00eenv\u0103\u021ba cum s\u0103-\u021bi creezi un suflet. (Alejandro Jodorowsky)<\/p>\n\n\n\n<p>Jodorowsky a realizat la un moment dat o mandal\u0103 din cele 78 de arcane ale Tarotului. Eu am folosit aceast\u0103 idee a lui \u0219i, prin asociere cu astrologia, am proiectat mandale personalizate \u0219i diagrame ale rela\u021biilor personale, \u00een func\u021bie de ziua, locul \u0219i ora na\u0219terii unei persoane.<\/p>\n\n\n\n<p>\u201cWe can\u2019t change anything until we get some fresh ideas, until we begin to see things differently.\u201d Nu putem schimba nimic p\u00e2n\u0103 c\u00e2nd nu dob\u00e2ndim c\u00e2teva idei proaspete, p\u00e2n\u0103 c\u00e2nd nu \u00eencepem s\u0103 vedem lucrurile \u00een mod diferit. \u2013 James Hillman<\/p>\n\n\n\n<p><strong>CARTEA MAGULUI. Tarotul Ini\u021biatic \u0219i Marile Mistere ale Lumii<\/strong><br>\u00cen-DRUM-ar de (R)EVO-lu-\u021bie personal\u0103 cu iz LEGE-n-DAR \u2013 Metod\u0103 unic\u0103 \u00een lume de auto-cunoa\u0219tere<br><a href=\"https:\/\/carticusens.ro\/produs\/cartea-magului-georgi-ana\/\" target=\"_blank\" rel=\"noreferrer noopener\">https:\/\/carticusens.ro\/produs\/cartea-magului-georgi-ana\/<\/a><\/p>\n\n\n\n<p>\u201cArchetypes are complexes of experience that come upon us as fate.\u201c<br>Arhetipurile sunt complexe de experien\u021b\u0103 care vin asupra noastr\u0103 ca soart\u0103. C.G. Jung<\/p>\n","protected":false},"excerpt":{"rendered":"<p>Tarot-Mitologie-Astrologie-Numerologie. V\u0103 invit s\u0103 experimenta\u021bi aceast\u0103 metod\u0103 ORIGINAL\u0102 de auto-cunoa\u0219tere \u0219i introspec\u021bie bazat\u0103 pe Tarot, un instrument psihologic inovativ, specific ROM\u00c2NESC, un sistem de interpretare creat de mine ca rezultat al asocierii cu astrologia. \u201cJocul\u201c de Tarot poate fi considerat ca NUMEROLOGIE PERSONIFICAT\u0102, deoarece fiecare num\u0103r, de la 1 la 21 (plus o arcana f\u0103r\u0103 &hellip; <\/p>\n<p class=\"link-more\"><a href=\"https:\/\/carteamagului.ro\/tarot\/mandala-personala-in-tarot\/\" class=\"more-link\">Continu\u0103 lectura<span class=\"screen-reader-text\"> \u201eConsiliere\u201d<\/span><\/a><\/p>\n","protected":false},"author":1,"featured_media":0,"parent":0,"menu_order":0,"comment_status":"closed","ping_status":"closed","template":"","meta":{"footnotes":""},"class_list":["post-116","page","type-page","status-publish","hentry"],"_links":{"self":[{"href":"https:\/\/carteamagului.ro\/tarot\/wp-json\/wp\/v2\/pages\/116","targetHints":{"allow":["GET"]}}],"collection":[{"href":"https:\/\/carteamagului.ro\/tarot\/wp-json\/wp\/v2\/pages"}],"about":[{"href":"https:\/\/carteamagului.ro\/tarot\/wp-json\/wp\/v2\/types\/page"}],"author":[{"embeddable":true,"href":"https:\/\/carteamagului.ro\/tarot\/wp-json\/wp\/v2\/users\/1"}],"replies":[{"embeddable":true,"href":"https:\/\/carteamagului.ro\/tarot\/wp-json\/wp\/v2\/comments?post=116"}],"version-history":[{"count":82,"href":"https:\/\/carteamagului.ro\/tarot\/wp-json\/wp\/v2\/pages\/116\/revisions"}],"predecessor-version":[{"id":3395,"href":"https:\/\/carteamagului.ro\/tarot\/wp-json\/wp\/v2\/pages\/116\/revisions\/3395"}],"wp:attachment":[{"href":"https:\/\/carteamagului.ro\/tarot\/wp-json\/wp\/v2\/media?parent=116"}],"curies":[{"name":"wp","href":"https:\/\/api.w.org\/{rel}","templated":true}]}}